{"id":8321,"date":"2025-02-06T14:31:36","date_gmt":"2019-07-03T16:06:21","guid":{"rendered":"https:\/\/www.coralegnami.it\/prodotto\/rovere-anticato-rustico-c-cc-2-4\/"},"modified":"2019-07-03T18:06:21","modified_gmt":"2019-07-03T16:06:21","slug":"rovere-anticato-rustico-c-cc-2-4","status":"publish","type":"product","link":"https:\/\/www.coralegnami.it\/en\/prodotto\/rovere-anticato-rustico-c-cc-2-4\/","title":{"rendered":"Rovere Anticato Rustico C\/CC"},"content":{"rendered":"<p><strong>Caratteristiche:<\/strong><\/p>\n<p>Vivo e scolpito di nodi e fiammate, il Rovere Anticato Rustico \u00e8 un legno da toccare, in grado di trasmettere naturalit\u00e0 e preziosit\u00e0, creando un gradevole senso di comfort<\/p>\n<p>&nbsp;<\/p>\n<p><b>Costruzione 1<\/b><\/p>\n<p>2 Lamelle esterne in Rovere Anticato Rustico<\/p>\n<p>Interno in Rovere<\/p>\n<p><strong>Costruzione 2<\/strong><\/p>\n<p>2 Lamelle esterne in Rovere Anticato Rustico<\/p>\n<p>Interno in multistrato di Betulla<\/p>\n<p>&nbsp;<\/p>\n<p><strong>SOLO LAMELLE C\/CC<\/strong><\/p>\n<p>&nbsp;<\/p>\n<table style=\"height: 1008px;\" width=\"467\">\n<tbody>\n<tr>\n<td>Tipo di legno<\/td>\n<td>Rovere, Farnia, \u201cQuercus Robur\u201d<\/td>\n<\/tr>\n<tr>\n<td>Certificazione<\/td>\n<td>\u00c8 possibile, solo su richiesta, ottenere anche materiale certificato FSC\u00ae (FSC_C001520).<\/td>\n<\/tr>\n<tr>\n<td>Classe di aspetto<\/td>\n<td>UNI-EN 13017-2<\/td>\n<\/tr>\n<tr>\n<td>Formato Pannelli<\/td>\n<td>\n<p>lunghezza da 1500 mm a 3020 mm<\/p>\n<p>larghezza da 1200 mm a 1270 mm<\/td>\n<\/tr>\n<tr>\n<td>Spessore pannelli<\/td>\n<td>\n<p>20 mm\u00a0 Pronta Consegna<\/p>\n<p>12 mm; 16 mm; 32 mm e 40 mm (minimo d\u2019ordine 100 mq)<\/td>\n<\/tr>\n<tr>\n<td>Larghezza lamelle<\/td>\n<td>da 100 mm a 200 mm<\/td>\n<\/tr>\n<tr>\n<td>Superficie<\/td>\n<td>120 grit<\/td>\n<\/tr>\n<tr>\n<td>Umidit\u00e0 del legno<\/td>\n<td>10% +\/- 2<\/td>\n<\/tr>\n<tr>\n<td>Impiego<\/td>\n<td>\n<p>mobili da interno<\/p>\n<p>rivestimenti per interno<\/td>\n<\/tr>\n<\/tbody>\n","protected":false},"excerpt":{"rendered":"<p>Caratteristiche: Vivo e scolpito di nodi e fiammate, il Rovere Anticato Rustico \u00e8 un legno da toccare, in grado di trasmettere naturalit\u00e0 e preziosit\u00e0, creando un gradevole senso di comfort<\/p>\n","protected":false},"featured_media":1305,"template":"","meta":{"_acf_changed":false},"product_cat":[50],"product_tag":[],"sectors":[],"class_list":{"0":"post-8321","1":"product","2":"type-product","3":"status-publish","4":"has-post-thumbnail","6":"product_cat-cora-furnishing","8":"first","9":"instock","10":"shipping-taxable","11":"product-type-simple"},"acf":[],"yoast_head":"<!-- This site is optimized with the Yoast SEO plugin v24.0 - https:\/\/yoast.com\/wordpress\/plugins\/seo\/ -->\n<title>Rovere Anticato Rustico C\/CC - Cor\u00e0 Domenico &amp; Figli<\/title>\n<meta name=\"robots\" content=\"index, follow, max-snippet:-1, max-image-preview:large, max-video-preview:-1\" \/>\n<link rel=\"canonical\" href=\"https:\/\/www.coralegnami.it\/en\/prodotto\/rovere-anticato-rustico-c-cc-2-4\/\" \/>\n<meta property=\"og:locale\" content=\"en_US\" \/>\n<meta property=\"og:type\" content=\"article\" \/>\n<meta property=\"og:title\" content=\"Rovere Anticato Rustico C\/CC - Cor\u00e0 Domenico &amp; Figli\" \/>\n<meta property=\"og:description\" content=\"Caratteristiche: Vivo e scolpito di nodi e fiammate, il Rovere Anticato Rustico \u00e8 un legno da toccare, in grado di trasmettere naturalit\u00e0 e preziosit\u00e0, creando un gradevole senso di comfort\" \/>\n<meta property=\"og:url\" content=\"https:\/\/www.coralegnami.it\/en\/prodotto\/rovere-anticato-rustico-c-cc-2-4\/\" \/>\n<meta property=\"og:site_name\" content=\"Cor\u00e0 Domenico &amp; Figli\" \/>\n<meta name=\"twitter:card\" content=\"summary_large_image\" \/>\n<meta name=\"twitter:label1\" content=\"Est. reading time\" \/>\n\t<meta name=\"twitter:data1\" content=\"1 minute\" \/>\n<script type=\"application\/ld+json\" class=\"yoast-schema-graph\">{\"@context\":\"https:\/\/schema.org\",\"@graph\":[{\"@type\":\"WebPage\",\"@id\":\"https:\/\/www.coralegnami.it\/en\/prodotto\/rovere-anticato-rustico-c-cc-2-4\/\",\"url\":\"https:\/\/www.coralegnami.it\/en\/prodotto\/rovere-anticato-rustico-c-cc-2-4\/\",\"name\":\"Rovere Anticato Rustico C\/CC - Cor\u00e0 Domenico &amp; Figli\",\"isPartOf\":{\"@id\":\"https:\/\/www.coralegnami.it\/#website\"},\"primaryImageOfPage\":{\"@id\":\"https:\/\/www.coralegnami.it\/en\/prodotto\/rovere-anticato-rustico-c-cc-2-4\/#primaryimage\"},\"image\":{\"@id\":\"https:\/\/www.coralegnami.it\/en\/prodotto\/rovere-anticato-rustico-c-cc-2-4\/#primaryimage\"},\"thumbnailUrl\":\"https:\/\/www.coralegnami.it\/wp-content\/uploads\/2019\/07\/ROVERE-ANTICATO-RUSTICO-C-CC-2-1.jpg\",\"datePublished\":\"2019-07-03T16:06:21+00:00\",\"dateModified\":\"2019-07-03T16:06:21+00:00\",\"breadcrumb\":{\"@id\":\"https:\/\/www.coralegnami.it\/en\/prodotto\/rovere-anticato-rustico-c-cc-2-4\/#breadcrumb\"},\"inLanguage\":\"en-US\",\"potentialAction\":[{\"@type\":\"ReadAction\",\"target\":[\"https:\/\/www.coralegnami.it\/en\/prodotto\/rovere-anticato-rustico-c-cc-2-4\/\"]}]},{\"@type\":\"ImageObject\",\"inLanguage\":\"en-US\",\"@id\":\"https:\/\/www.coralegnami.it\/en\/prodotto\/rovere-anticato-rustico-c-cc-2-4\/#primaryimage\",\"url\":\"https:\/\/www.coralegnami.it\/wp-content\/uploads\/2019\/07\/ROVERE-ANTICATO-RUSTICO-C-CC-2-1.jpg\",\"contentUrl\":\"https:\/\/www.coralegnami.it\/wp-content\/uploads\/2019\/07\/ROVERE-ANTICATO-RUSTICO-C-CC-2-1.jpg\",\"width\":536,\"height\":964},{\"@type\":\"BreadcrumbList\",\"@id\":\"https:\/\/www.coralegnami.it\/en\/prodotto\/rovere-anticato-rustico-c-cc-2-4\/#breadcrumb\",\"itemListElement\":[{\"@type\":\"ListItem\",\"position\":1,\"name\":\"Home\",\"item\":\"https:\/\/www.coralegnami.it\/en\/\"},{\"@type\":\"ListItem\",\"position\":2,\"name\":\"Products\",\"item\":\"https:\/\/www.coralegnami.it\/en\/products\/\"},{\"@type\":\"ListItem\",\"position\":3,\"name\":\"Rovere Anticato Rustico C\/CC\"}]},{\"@type\":\"WebSite\",\"@id\":\"https:\/\/www.coralegnami.it\/#website\",\"url\":\"https:\/\/www.coralegnami.it\/\",\"name\":\"Cor\u00e0 Domenico &amp; Figli\",\"description\":\"Un nuovo sito targato WordPress\",\"potentialAction\":[{\"@type\":\"SearchAction\",\"target\":{\"@type\":\"EntryPoint\",\"urlTemplate\":\"https:\/\/www.coralegnami.it\/?s={search_term_string}\"},\"query-input\":{\"@type\":\"PropertyValueSpecification\",\"valueRequired\":true,\"valueName\":\"search_term_string\"}}],\"inLanguage\":\"en-US\"}]}<\/script>\n<!-- \/ Yoast SEO plugin. -->","yoast_head_json":{"title":"Rovere Anticato Rustico C\/CC - Cor\u00e0 Domenico &amp; Figli","robots":{"index":"index","follow":"follow","max-snippet":"max-snippet:-1","max-image-preview":"max-image-preview:large","max-video-preview":"max-video-preview:-1"},"canonical":"https:\/\/www.coralegnami.it\/en\/prodotto\/rovere-anticato-rustico-c-cc-2-4\/","og_locale":"en_US","og_type":"article","og_title":"Rovere Anticato Rustico C\/CC - Cor\u00e0 Domenico &amp; Figli","og_description":"Caratteristiche: Vivo e scolpito di nodi e fiammate, il Rovere Anticato Rustico \u00e8 un legno da toccare, in grado di trasmettere naturalit\u00e0 e preziosit\u00e0, creando un gradevole senso di comfort","og_url":"https:\/\/www.coralegnami.it\/en\/prodotto\/rovere-anticato-rustico-c-cc-2-4\/","og_site_name":"Cor\u00e0 Domenico &amp; Figli","twitter_card":"summary_large_image","twitter_misc":{"Est. reading time":"1 minute"},"schema":{"@context":"https:\/\/schema.org","@graph":[{"@type":"WebPage","@id":"https:\/\/www.coralegnami.it\/en\/prodotto\/rovere-anticato-rustico-c-cc-2-4\/","url":"https:\/\/www.coralegnami.it\/en\/prodotto\/rovere-anticato-rustico-c-cc-2-4\/","name":"Rovere Anticato Rustico C\/CC - Cor\u00e0 Domenico &amp; Figli","isPartOf":{"@id":"https:\/\/www.coralegnami.it\/#website"},"primaryImageOfPage":{"@id":"https:\/\/www.coralegnami.it\/en\/prodotto\/rovere-anticato-rustico-c-cc-2-4\/#primaryimage"},"image":{"@id":"https:\/\/www.coralegnami.it\/en\/prodotto\/rovere-anticato-rustico-c-cc-2-4\/#primaryimage"},"thumbnailUrl":"https:\/\/www.coralegnami.it\/wp-content\/uploads\/2019\/07\/ROVERE-ANTICATO-RUSTICO-C-CC-2-1.jpg","datePublished":"2019-07-03T16:06:21+00:00","dateModified":"2019-07-03T16:06:21+00:00","breadcrumb":{"@id":"https:\/\/www.coralegnami.it\/en\/prodotto\/rovere-anticato-rustico-c-cc-2-4\/#breadcrumb"},"inLanguage":"en-US","potentialAction":[{"@type":"ReadAction","target":["https:\/\/www.coralegnami.it\/en\/prodotto\/rovere-anticato-rustico-c-cc-2-4\/"]}]},{"@type":"ImageObject","inLanguage":"en-US","@id":"https:\/\/www.coralegnami.it\/en\/prodotto\/rovere-anticato-rustico-c-cc-2-4\/#primaryimage","url":"https:\/\/www.coralegnami.it\/wp-content\/uploads\/2019\/07\/ROVERE-ANTICATO-RUSTICO-C-CC-2-1.jpg","contentUrl":"https:\/\/www.coralegnami.it\/wp-content\/uploads\/2019\/07\/ROVERE-ANTICATO-RUSTICO-C-CC-2-1.jpg","width":536,"height":964},{"@type":"BreadcrumbList","@id":"https:\/\/www.coralegnami.it\/en\/prodotto\/rovere-anticato-rustico-c-cc-2-4\/#breadcrumb","itemListElement":[{"@type":"ListItem","position":1,"name":"Home","item":"https:\/\/www.coralegnami.it\/en\/"},{"@type":"ListItem","position":2,"name":"Products","item":"https:\/\/www.coralegnami.it\/en\/products\/"},{"@type":"ListItem","position":3,"name":"Rovere Anticato Rustico C\/CC"}]},{"@type":"WebSite","@id":"https:\/\/www.coralegnami.it\/#website","url":"https:\/\/www.coralegnami.it\/","name":"Cor\u00e0 Domenico &amp; Figli","description":"Un nuovo sito targato WordPress","potentialAction":[{"@type":"SearchAction","target":{"@type":"EntryPoint","urlTemplate":"https:\/\/www.coralegnami.it\/?s={search_term_string}"},"query-input":{"@type":"PropertyValueSpecification","valueRequired":true,"valueName":"search_term_string"}}],"inLanguage":"en-US"}]}},"_links":{"self":[{"href":"https:\/\/www.coralegnami.it\/en\/wp-json\/wp\/v2\/product\/8321","targetHints":{"allow":["GET"]}}],"collection":[{"href":"https:\/\/www.coralegnami.it\/en\/wp-json\/wp\/v2\/product"}],"about":[{"href":"https:\/\/www.coralegnami.it\/en\/wp-json\/wp\/v2\/types\/product"}],"wp:featuredmedia":[{"embeddable":true,"href":"https:\/\/www.coralegnami.it\/en\/wp-json\/wp\/v2\/media\/1305"}],"wp:attachment":[{"href":"https:\/\/www.coralegnami.it\/en\/wp-json\/wp\/v2\/media?parent=8321"}],"wp:term":[{"taxonomy":"product_cat","embeddable":true,"href":"https:\/\/www.coralegnami.it\/en\/wp-json\/wp\/v2\/product_cat?post=8321"},{"taxonomy":"product_tag","embeddable":true,"href":"https:\/\/www.coralegnami.it\/en\/wp-json\/wp\/v2\/product_tag?post=8321"},{"taxonomy":"sectors","embeddable":true,"href":"https:\/\/www.coralegnami.it\/en\/wp-json\/wp\/v2\/sectors?post=8321"}],"curies":[{"name":"wp","href":"https:\/\/api.w.org\/{rel}","templated":true}]}}