{"id":20349,"date":"2025-06-09T13:38:14","date_gmt":"2025-06-09T11:38:14","guid":{"rendered":"https:\/\/www.coralegnami.it\/telecharger-des-catalogues\/"},"modified":"2025-06-09T13:38:17","modified_gmt":"2025-06-09T11:38:17","slug":"telecharger-des-catalogues","status":"publish","type":"page","link":"https:\/\/www.coralegnami.it\/fr\/telecharger-des-catalogues\/","title":{"rendered":"T\u00e9l\u00e9charger des catalogues"},"content":{"rendered":"<div class=\"wpb-content-wrapper\"><p>[vc_row bg_check=\u00a0\u00bbrow-background-dark\u00a0\u00bb css=\u00a0\u00bb.vc_custom_1554130680188{padding-top: 200px !important;padding-bottom: 100px !important;background-image: url(http:\/\/www.coralegnami.it\/wp-content\/uploads\/2019\/04\/banner-cataloghi.jpg?id=125) !important;background-position: center !important;background-repeat: no-repeat !important;background-size: cover !important;}\u00a0\u00bb][vc_column]<div class=\"dfd-heading-shortcode\"><div class=\"dfd-heading-module-wrap  text-center style_01 dfd-heading-6a09cb068e66d dfd-disable-resposive-headings\" id=\"dfd-heading-6a09cb068e66d\" ><div class=\"inline-block\"><div class=\"dfd-heading-module\"><h1 class=\"widget-title dfd-title \" style=\"font-size: 32px; \">T\u00c9L\u00c9CHARGER DES CATALOGUES<\/h1><\/div><\/div><\/div><script type=\"text\/javascript\">\r\n\t\t\t\t\t\t\t\t\t(function($) {\r\n\t\t\t\t\t\t\t\t\t\t$(\"head\").append(\"<style>.dfd-heading-6a09cb068e66d.dfd-heading-module-wrap .dfd-heading-module .dfd-heading-delimiter {margin-top:10px;margin-bottom:10px;}<\/style>\");\r\n\t\t\t\t\t\t\t\t\t})(jQuery);\r\n\t\t\t\t\t\t\t\t<\/script><\/div>[\/vc_column][\/vc_row][vc_row css=\u00a0\u00bb.vc_custom_1554139145617{margin-top: 80px !important;}\u00a0\u00bb][vc_column]<div class=\"dfd-heading-shortcode\"><div class=\"dfd-heading-module-wrap  text-center style_01 dfd-heading-6a09cb068e787 dfd-disable-resposive-headings\" id=\"dfd-heading-6a09cb068e787\" ><div class=\"inline-block\"><div class=\"dfd-heading-module\"><h5 class=\"widget-title dfd-title \" style=\"\">Groupe Cor\u00e0<\/h5><div class=\"dfd-heading-delimiter\"><\/div><\/div><\/div><\/div><script type=\"text\/javascript\">\r\n\t\t\t\t\t\t\t\t\t(function($) {\r\n\t\t\t\t\t\t\t\t\t\t$(\"head\").append(\"<style>.dfd-heading-6a09cb068e787.dfd-heading-module-wrap .dfd-heading-module .dfd-heading-delimiter {border-bottom-style:solid;border-bottom-width:4px;width:50px;border-bottom-color:#b21d16;}.dfd-heading-6a09cb068e787.dfd-heading-module-wrap .dfd-heading-module .dfd-heading-delimiter {margin-top:40px;margin-bottom:40px;}<\/style>\");\r\n\t\t\t\t\t\t\t\t\t})(jQuery);\r\n\t\t\t\t\t\t\t\t<\/script><\/div>[\/vc_column][\/vc_row][vc_row css=\u00a0\u00bb.vc_custom_1554139132026{margin-bottom: 40px !important;}\u00a0\u00bb][vc_column width=\u00a0\u00bb1\/3&Prime;][vc_single_image image=\u00a0\u00bb20304&Prime; img_size=\u00a0\u00bbfull\u00a0\u00bb alignment=\u00a0\u00bbcenter\u00a0\u00bb img_link_target=\u00a0\u00bb_blank\u00a0\u00bb onclick=\u00a0\u00bbcustom_link\u00a0\u00bb link=\u00a0\u00bbhttp:\/\/www.coralegnami.it\/wp-content\/uploads\/2019\/04\/Pieghevole-2016.pdf\u00a0\u00bb el_class=\u00a0\u00bbimg-mat-elevation\u00a0\u00bb][\/vc_column][vc_column width=\u00a0\u00bb1\/3&Prime;][vc_single_image image=\u00a0\u00bb20306&Prime; img_size=\u00a0\u00bbfull\u00a0\u00bb alignment=\u00a0\u00bbcenter\u00a0\u00bb img_link_target=\u00a0\u00bb_blank\u00a0\u00bb onclick=\u00a0\u00bbcustom_link\u00a0\u00bb link=\u00a0\u00bbhttp:\/\/www.coralegnami.it\/wp-content\/uploads\/2019\/04\/Scheda_CORA_2014.pdf\u00a0\u00bb el_class=\u00a0\u00bbimg-mat-elevation\u00a0\u00bb][\/vc_column][vc_column width=\u00a0\u00bb1\/3&Prime;][vc_single_image image=\u00a0\u00bb20308&Prime; img_size=\u00a0\u00bbfull\u00a0\u00bb alignment=\u00a0\u00bbcenter\u00a0\u00bb img_link_target=\u00a0\u00bb_blank\u00a0\u00bb onclick=\u00a0\u00bbcustom_link\u00a0\u00bb link=\u00a0\u00bbhttp:\/\/www.coralegnami.it\/wp-content\/uploads\/2019\/04\/Scheda_GABON_2014.pdf\u00a0\u00bb el_class=\u00a0\u00bbimg-mat-elevation\u00a0\u00bb][\/vc_column][\/vc_row][vc_row css=\u00a0\u00bb.vc_custom_1554138822862{margin-top: 40px !important;margin-bottom: 80px !important;}\u00a0\u00bb][vc_column width=\u00a0\u00bb1\/3&Prime;][vc_single_image image=\u00a0\u00bb20310&Prime; img_size=\u00a0\u00bbfull\u00a0\u00bb alignment=\u00a0\u00bbcenter\u00a0\u00bb img_link_target=\u00a0\u00bb_blank\u00a0\u00bb onclick=\u00a0\u00bbcustom_link\u00a0\u00bb link=\u00a0\u00bbhttp:\/\/www.coralegnami.it\/wp-content\/uploads\/2019\/04\/polo-logistico-livorno.pdf\u00a0\u00bb el_class=\u00a0\u00bbimg-mat-elevation\u00a0\u00bb][\/vc_column][vc_column width=\u00a0\u00bb1\/3&Prime;][vc_single_image image=\u00a0\u00bb20312&Prime; img_size=\u00a0\u00bbfull\u00a0\u00bb alignment=\u00a0\u00bbcenter\u00a0\u00bb img_link_target=\u00a0\u00bb_blank\u00a0\u00bb onclick=\u00a0\u00bbcustom_link\u00a0\u00bb link=\u00a0\u00bbhttp:\/\/www.coralegnami.it\/wp-content\/uploads\/2019\/04\/pieghFusione_ITA_2012_bassa.pdf\u00a0\u00bb el_class=\u00a0\u00bbimg-mat-elevation\u00a0\u00bb][\/vc_column][vc_column width=\u00a0\u00bb1\/3&Prime;][vc_single_image image=\u00a0\u00bb20314&Prime; img_size=\u00a0\u00bbfull\u00a0\u00bb alignment=\u00a0\u00bbcenter\u00a0\u00bb img_link_target=\u00a0\u00bb_blank\u00a0\u00bb onclick=\u00a0\u00bbcustom_link\u00a0\u00bb link=\u00a0\u00bbhttp:\/\/www.coralegnami.it\/wp-content\/uploads\/2019\/04\/termoframe_brochure_bassa.pdf\u00a0\u00bb el_class=\u00a0\u00bbimg-mat-elevation\u00a0\u00bb][\/vc_column][\/vc_row][vc_row css=\u00a0\u00bb.vc_custom_1554138822862{margin-top: 40px !important;margin-bottom: 80px !important;}\u00a0\u00bb][vc_column width=\u00a0\u00bb1\/3&Prime;][vc_single_image image=\u00a0\u00bb6097&Prime; img_size=\u00a0\u00bb350&#215;500&Prime; alignment=\u00a0\u00bbcenter\u00a0\u00bb img_link_target=\u00a0\u00bb_blank\u00a0\u00bb onclick=\u00a0\u00bbcustom_link\u00a0\u00bb link=\u00a0\u00bbhttp:\/\/www.coralegnami.it\/wp-content\/uploads\/Cora_100_Company_Profile_web.pdf\u00a0\u00bb el_class=\u00a0\u00bbimg-mat-elevation\u00a0\u00bb][\/vc_column][vc_column width=\u00a0\u00bb1\/3&Prime;][\/vc_column][vc_column width=\u00a0\u00bb1\/3&Prime;][\/vc_column][\/vc_row][vc_row css=\u00a0\u00bb.vc_custom_1554139628756{margin-top: 80px !important;}\u00a0\u00bb][vc_column]<div class=\"dfd-heading-shortcode\"><div class=\"dfd-heading-module-wrap  text-center style_01 dfd-heading-6a09cb068e84b dfd-disable-resposive-headings\" id=\"dfd-heading-6a09cb068e84b\" ><div class=\"inline-block\"><div class=\"dfd-heading-module\"><h5 class=\"widget-title dfd-title \" style=\"\">Lamellaires<\/h5><div class=\"dfd-heading-delimiter\"><\/div><\/div><\/div><\/div><script type=\"text\/javascript\">\r\n\t\t\t\t\t\t\t\t\t(function($) {\r\n\t\t\t\t\t\t\t\t\t\t$(\"head\").append(\"<style>.dfd-heading-6a09cb068e84b.dfd-heading-module-wrap .dfd-heading-module .dfd-heading-delimiter {border-bottom-style:solid;border-bottom-width:4px;width:50px;border-bottom-color:#b21d16;}.dfd-heading-6a09cb068e84b.dfd-heading-module-wrap .dfd-heading-module .dfd-heading-delimiter {margin-top:40px;margin-bottom:40px;}<\/style>\");\r\n\t\t\t\t\t\t\t\t\t})(jQuery);\r\n\t\t\t\t\t\t\t\t<\/script><\/div>[\/vc_column][\/vc_row][vc_row css=\u00a0\u00bb.vc_custom_1554139640664{margin-bottom: 80px !important;}\u00a0\u00bb][vc_column width=\u00a0\u00bb1\/3&Prime;][vc_single_image image=\u00a0\u00bb20320&Prime; img_size=\u00a0\u00bbfull\u00a0\u00bb alignment=\u00a0\u00bbcenter\u00a0\u00bb img_link_target=\u00a0\u00bb_blank\u00a0\u00bb onclick=\u00a0\u00bbcustom_link\u00a0\u00bb link=\u00a0\u00bbhttp:\/\/www.coralegnami.it\/wp-content\/uploads\/2019\/04\/lamellari.pdf\u00a0\u00bb el_class=\u00a0\u00bbimg-mat-elevation\u00a0\u00bb][\/vc_column][vc_column width=\u00a0\u00bb1\/3&Prime;][vc_single_image image=\u00a0\u00bb20318&Prime; img_size=\u00a0\u00bbfull\u00a0\u00bb alignment=\u00a0\u00bbcenter\u00a0\u00bb img_link_target=\u00a0\u00bb_blank\u00a0\u00bb onclick=\u00a0\u00bbcustom_link\u00a0\u00bb link=\u00a0\u00bbhttp:\/\/www.coralegnami.it\/wp-content\/uploads\/2019\/04\/lamitech.pdf\u00a0\u00bb el_class=\u00a0\u00bbimg-mat-elevation\u00a0\u00bb][\/vc_column][vc_column width=\u00a0\u00bb1\/3&Prime;][vc_single_image image=\u00a0\u00bb20316&Prime; img_size=\u00a0\u00bbfull\u00a0\u00bb alignment=\u00a0\u00bbcenter\u00a0\u00bb img_link_target=\u00a0\u00bb_blank\u00a0\u00bb onclick=\u00a0\u00bbcustom_link\u00a0\u00bb link=\u00a0\u00bbhttp:\/\/www.coralegnami.it\/wp-content\/uploads\/2019\/04\/tecnoincastro.pdf\u00a0\u00bb el_class=\u00a0\u00bbimg-mat-elevation\u00a0\u00bb][\/vc_column][\/vc_row][vc_row css=\u00a0\u00bb.vc_custom_1554139640664{margin-bottom: 80px !important;}\u00a0\u00bb][vc_column width=\u00a0\u00bb1\/3&Prime;][vc_single_image image=\u00a0\u00bb6087&Prime; img_size=\u00a0\u00bb350&#215;500&Prime; alignment=\u00a0\u00bbcenter\u00a0\u00bb img_link_target=\u00a0\u00bb_blank\u00a0\u00bb onclick=\u00a0\u00bbcustom_link\u00a0\u00bb link=\u00a0\u00bbhttp:\/\/www.coralegnami.it\/wp-content\/uploads\/Cora_LEGNAME_Brochure.pdf\u00a0\u00bb el_class=\u00a0\u00bbimg-mat-elevation\u00a0\u00bb][\/vc_column][vc_column width=\u00a0\u00bb1\/3&Prime;][\/vc_column][vc_column width=\u00a0\u00bb1\/3&Prime;][\/vc_column][\/vc_row][vc_row css=\u00a0\u00bb.vc_custom_1554139667960{margin-top: 80px !important;}\u00a0\u00bb][vc_column]<div class=\"dfd-heading-shortcode\"><div class=\"dfd-heading-module-wrap  text-center style_01 dfd-heading-6a09cb068e907 dfd-disable-resposive-headings\" id=\"dfd-heading-6a09cb068e907\" ><div class=\"inline-block\"><div class=\"dfd-heading-module\"><h5 class=\"widget-title dfd-title \" style=\"\">Parquet<\/h5><div class=\"dfd-heading-delimiter\"><\/div><\/div><\/div><\/div><script type=\"text\/javascript\">\r\n\t\t\t\t\t\t\t\t\t(function($) {\r\n\t\t\t\t\t\t\t\t\t\t$(\"head\").append(\"<style>.dfd-heading-6a09cb068e907.dfd-heading-module-wrap .dfd-heading-module .dfd-heading-delimiter {border-bottom-style:solid;border-bottom-width:4px;width:50px;border-bottom-color:#b21d16;}.dfd-heading-6a09cb068e907.dfd-heading-module-wrap .dfd-heading-module .dfd-heading-delimiter {margin-top:40px;margin-bottom:40px;}<\/style>\");\r\n\t\t\t\t\t\t\t\t\t})(jQuery);\r\n\t\t\t\t\t\t\t\t<\/script><\/div>[\/vc_column][\/vc_row][vc_row css=\u00a0\u00bb.vc_custom_1554140893234{margin-bottom: 40px !important;}\u00a0\u00bb][vc_column width=\u00a0\u00bb1\/3&Prime;][vc_single_image image=\u00a0\u00bb20344&Prime; img_size=\u00a0\u00bbfull\u00a0\u00bb alignment=\u00a0\u00bbcenter\u00a0\u00bb img_link_target=\u00a0\u00bb_blank\u00a0\u00bb onclick=\u00a0\u00bbcustom_link\u00a0\u00bb link=\u00a0\u00bbhttps:\/\/www.coralegnami.it\/wp-content\/uploads\/2020\/07\/Cora\u0300-Parquet_Folder-Prodotti_DRESS-YOUR-DREAM_2020_ITA-ENG_web.pdf\u00a0\u00bb el_class=\u00a0\u00bbimg-mat-elevation\u00a0\u00bb][\/vc_column][vc_column width=\u00a0\u00bb1\/3&Prime;][vc_single_image image=\u00a0\u00bb20336&Prime; img_size=\u00a0\u00bbfull\u00a0\u00bb alignment=\u00a0\u00bbcenter\u00a0\u00bb img_link_target=\u00a0\u00bb_blank\u00a0\u00bb onclick=\u00a0\u00bbcustom_link\u00a0\u00bb link=\u00a0\u00bbhttp:\/\/www.coralegnami.it\/wp-content\/uploads\/2019\/04\/Cor_Parquet_Flyer_Prodotti_2016.pdf\u00a0\u00bb el_class=\u00a0\u00bbimg-mat-elevation\u00a0\u00bb][\/vc_column][vc_column width=\u00a0\u00bb1\/3&Prime;][vc_single_image image=\u00a0\u00bb20330&Prime; img_size=\u00a0\u00bbfull\u00a0\u00bb alignment=\u00a0\u00bbcenter\u00a0\u00bb img_link_target=\u00a0\u00bb_blank\u00a0\u00bb onclick=\u00a0\u00bbcustom_link\u00a0\u00bb link=\u00a0\u00bbhttp:\/\/www.coralegnami.it\/wp-content\/uploads\/2019\/04\/Cor_Parquet_Flyer_Outdoor_2017.pdf\u00a0\u00bb el_class=\u00a0\u00bbimg-mat-elevation\u00a0\u00bb][\/vc_column][\/vc_row][vc_row css=\u00a0\u00bb.vc_custom_1554141686207{margin-top: 40px !important;margin-bottom: 40px !important;}\u00a0\u00bb][vc_column width=\u00a0\u00bb1\/3&Prime;][vc_single_image image=\u00a0\u00bb20328&Prime; img_size=\u00a0\u00bbfull\u00a0\u00bb alignment=\u00a0\u00bbcenter\u00a0\u00bb img_link_target=\u00a0\u00bb_blank\u00a0\u00bb onclick=\u00a0\u00bbcustom_link\u00a0\u00bb link=\u00a0\u00bbhttps:\/\/www.coralegnami.it\/wp-content\/uploads\/2020\/07\/Cora\u0300-Parquet-CAT-2020_OUTDOOR_WEB-1.pdf\u00a0\u00bb el_class=\u00a0\u00bbimg-mat-elevation\u00a0\u00bb][\/vc_column][vc_column width=\u00a0\u00bb1\/3&Prime;][vc_single_image image=\u00a0\u00bb20326&Prime; img_size=\u00a0\u00bbfull\u00a0\u00bb alignment=\u00a0\u00bbcenter\u00a0\u00bb img_link_target=\u00a0\u00bb_blank\u00a0\u00bb onclick=\u00a0\u00bbcustom_link\u00a0\u00bb link=\u00a0\u00bbhttp:\/\/www.coralegnami.it\/wp-content\/uploads\/2019\/04\/Cor_Parquet_Catalogo_2018_Design.pdf\u00a0\u00bb el_class=\u00a0\u00bbimg-mat-elevation\u00a0\u00bb][\/vc_column][vc_column width=\u00a0\u00bb1\/3&Prime;][vc_single_image image=\u00a0\u00bb20324&Prime; img_size=\u00a0\u00bbfull\u00a0\u00bb alignment=\u00a0\u00bbcenter\u00a0\u00bb img_link_target=\u00a0\u00bb_blank\u00a0\u00bb onclick=\u00a0\u00bbcustom_link\u00a0\u00bb link=\u00a0\u00bbhttp:\/\/www.coralegnami.it\/wp-content\/uploads\/2019\/04\/Cor_Parquet_Catalogo_2018_Easy.pdf\u00a0\u00bb el_class=\u00a0\u00bbimg-mat-elevation\u00a0\u00bb][\/vc_column][\/vc_row][vc_row css=\u00a0\u00bb.vc_custom_1554140882173{margin-top: 40px !important;margin-bottom: 80px !important;}\u00a0\u00bb][vc_column width=\u00a0\u00bb1\/3&Prime;][vc_single_image image=\u00a0\u00bb20322&Prime; img_size=\u00a0\u00bbfull\u00a0\u00bb alignment=\u00a0\u00bbcenter\u00a0\u00bb img_link_target=\u00a0\u00bb_blank\u00a0\u00bb onclick=\u00a0\u00bbcustom_link\u00a0\u00bb link=\u00a0\u00bbhttp:\/\/www.coralegnami.it\/wp-content\/uploads\/2019\/04\/Cor_Parquet_Catalogo_2018_Evo_Garant.pdf\u00a0\u00bb el_class=\u00a0\u00bbimg-mat-elevation\u00a0\u00bb][\/vc_column][vc_column width=\u00a0\u00bb1\/3&Prime;][vc_single_image image=\u00a0\u00bb20334&Prime; img_size=\u00a0\u00bbfull\u00a0\u00bb alignment=\u00a0\u00bbcenter\u00a0\u00bb img_link_target=\u00a0\u00bb_blank\u00a0\u00bb onclick=\u00a0\u00bbcustom_link\u00a0\u00bb link=\u00a0\u00bbhttp:\/\/www.coralegnami.it\/wp-content\/uploads\/2019\/04\/anteprima_0009_Cor_brochure_FLOOR_CARE_2018.jpg\u00a0\u00bb el_class=\u00a0\u00bbimg-mat-elevation\u00a0\u00bb][\/vc_column][vc_column width=\u00a0\u00bb1\/3&Prime;][vc_single_image image=\u00a0\u00bb6077&Prime; img_size=\u00a0\u00bb350&#215;500&Prime; alignment=\u00a0\u00bbcenter\u00a0\u00bb img_link_target=\u00a0\u00bb_blank\u00a0\u00bb onclick=\u00a0\u00bbcustom_link\u00a0\u00bb link=\u00a0\u00bbhttp:\/\/www.coralegnami.it\/wp-content\/uploads\/Cora_PARQUET_Brochure.pdf\u00a0\u00bb el_class=\u00a0\u00bbimg-mat-elevation\u00a0\u00bb][\/vc_column][\/vc_row][vc_row css=\u00a0\u00bb.vc_custom_1554190159694{margin-top: 80px !important;}\u00a0\u00bb][vc_column]<div class=\"dfd-heading-shortcode\"><div class=\"dfd-heading-module-wrap  text-center style_01 dfd-heading-6a09cb068e9ca dfd-disable-resposive-headings\" id=\"dfd-heading-6a09cb068e9ca\" ><div class=\"inline-block\"><div class=\"dfd-heading-module\"><h5 class=\"widget-title dfd-title \" style=\"\">Tranch\u00e9s<\/h5><div class=\"dfd-heading-delimiter\"><\/div><\/div><\/div><\/div><script type=\"text\/javascript\">\r\n\t\t\t\t\t\t\t\t\t(function($) {\r\n\t\t\t\t\t\t\t\t\t\t$(\"head\").append(\"<style>.dfd-heading-6a09cb068e9ca.dfd-heading-module-wrap .dfd-heading-module .dfd-heading-delimiter {border-bottom-style:solid;border-bottom-width:4px;width:50px;border-bottom-color:#b21d16;}.dfd-heading-6a09cb068e9ca.dfd-heading-module-wrap .dfd-heading-module .dfd-heading-delimiter {margin-top:40px;margin-bottom:40px;}<\/style>\");\r\n\t\t\t\t\t\t\t\t\t})(jQuery);\r\n\t\t\t\t\t\t\t\t<\/script><\/div>[\/vc_column][\/vc_row][vc_row css=\u00a0\u00bb.vc_custom_1554190180597{margin-bottom: 80px !important;}\u00a0\u00bb][vc_column width=\u00a0\u00bb1\/3&Prime;][vc_single_image image=\u00a0\u00bb20338&Prime; img_size=\u00a0\u00bbfull\u00a0\u00bb alignment=\u00a0\u00bbcenter\u00a0\u00bb img_link_target=\u00a0\u00bb_blank\u00a0\u00bb onclick=\u00a0\u00bbcustom_link\u00a0\u00bb link=\u00a0\u00bbhttp:\/\/www.coralegnami.it\/wp-content\/uploads\/2019\/04\/prex.pdf\u00a0\u00bb el_class=\u00a0\u00bbimg-mat-elevation\u00a0\u00bb][\/vc_column][vc_column width=\u00a0\u00bb1\/3&Prime;][vc_single_image image=\u00a0\u00bb20340&Prime; img_size=\u00a0\u00bbfull\u00a0\u00bb alignment=\u00a0\u00bbcenter\u00a0\u00bb img_link_target=\u00a0\u00bb_blank\u00a0\u00bb onclick=\u00a0\u00bbcustom_link\u00a0\u00bb link=\u00a0\u00bbhttp:\/\/www.coralegnami.it\/wp-content\/uploads\/2019\/04\/lam_bassa.pdf\u00a0\u00bb el_class=\u00a0\u00bbimg-mat-elevation\u00a0\u00bb][\/vc_column][vc_column width=\u00a0\u00bb1\/3&Prime;][vc_single_image image=\u00a0\u00bb6104&Prime; img_size=\u00a0\u00bb350&#215;500&Prime; alignment=\u00a0\u00bbcenter\u00a0\u00bb img_link_target=\u00a0\u00bb_blank\u00a0\u00bb onclick=\u00a0\u00bbcustom_link\u00a0\u00bb link=\u00a0\u00bbhttp:\/\/www.coralegnami.it\/wp-content\/uploads\/Cora_TRANCIATI_Brochure.pdf\u00a0\u00bb el_class=\u00a0\u00bbimg-mat-elevation\u00a0\u00bb][\/vc_column][\/vc_row][vc_row css=\u00a0\u00bb.vc_custom_1554190317983{margin-top: 80px !important;}\u00a0\u00bb][vc_column][dfd_he<\/p>\n<\/div>","protected":false},"excerpt":{"rendered":"<p>[vc_row bg_check=\u00a0\u00bbrow-background-dark\u00a0\u00bb css=\u00a0\u00bb.vc_custom_1554130680188{padding-top: 200px !important;padding-bottom: 100px !important;background-image: url(http:\/\/www.coralegnami.it\/wp-content\/uploads\/2019\/04\/banner-cataloghi.jpg?id=125) !important;background-position: center !important;background-repeat: no-repeat !important;background-size: cover !important;}\u00a0\u00bb][vc_column][\/vc_column][\/vc_row][vc_row css=\u00a0\u00bb.vc_custom_1554139145617{margin-top: 80px !important;}\u00a0\u00bb][vc_column][\/vc_column][\/vc_row][vc_row css=\u00a0\u00bb.vc_custom_1554139132026{margin-bottom: 40px !important;}\u00a0\u00bb][vc_column width=\u00a0\u00bb1\/3&Prime;][vc_single_image image=\u00a0\u00bb20304&Prime; img_size=\u00a0\u00bbfull\u00a0\u00bb alignment=\u00a0\u00bbcenter\u00a0\u00bb img_link_target=\u00a0\u00bb_blank\u00a0\u00bb onclick=\u00a0\u00bbcustom_link\u00a0\u00bb link=\u00a0\u00bbhttp:\/\/www.coralegnami.it\/wp-content\/uploads\/2019\/04\/Pieghevole-2016.pdf\u00a0\u00bb el_class=\u00a0\u00bbimg-mat-elevation\u00a0\u00bb][\/vc_column][vc_column width=\u00a0\u00bb1\/3&Prime;][vc_single_image<\/p>\n","protected":false},"author":1,"featured_media":0,"parent":0,"menu_order":0,"comment_status":"closed","ping_status":"closed","template":"page-custom.php","meta":{"_acf_changed":false,"footnotes":""},"class_list":["post-20349","page","type-page","status-publish","hentry"],"acf":[],"yoast_head":"<!-- This site is optimized with the Yoast SEO plugin v24.0 - https:\/\/yoast.com\/wordpress\/plugins\/seo\/ -->\n<title>T\u00e9l\u00e9charger des catalogues - Cor\u00e0 Domenico &amp; Figli<\/title>\n<meta name=\"robots\" content=\"index, follow, max-snippet:-1, max-image-preview:large, max-video-preview:-1\" \/>\n<link rel=\"canonical\" href=\"https:\/\/www.coralegnami.it\/download-cataloghi\/\" \/>\n<meta property=\"og:locale\" content=\"fr_FR\" \/>\n<meta property=\"og:type\" content=\"article\" \/>\n<meta property=\"og:title\" content=\"T\u00e9l\u00e9charger des catalogues - Cor\u00e0 Domenico &amp; Figli\" \/>\n<meta property=\"og:description\" content=\"[vc_row bg_check=\u00a0\u00bbrow-background-dark\u00a0\u00bb css=\u00a0\u00bb.vc_custom_1554130680188{padding-top: 200px !important;padding-bottom: 100px !important;background-image: url(http:\/\/www.coralegnami.it\/wp-content\/uploads\/2019\/04\/banner-cataloghi.jpg?id=125) !important;background-position: center !important;background-repeat: no-repeat !important;background-size: cover !important;}\u00a0\u00bb][vc_column][\/vc_column][\/vc_row][vc_row css=\u00a0\u00bb.vc_custom_1554139145617{margin-top: 80px !important;}\u00a0\u00bb][vc_column][\/vc_column][\/vc_row][vc_row css=\u00a0\u00bb.vc_custom_1554139132026{margin-bottom: 40px !important;}\u00a0\u00bb][vc_column width=\u00a0\u00bb1\/3&Prime;][vc_single_image image=\u00a0\u00bb20304&Prime; img_size=\u00a0\u00bbfull\u00a0\u00bb alignment=\u00a0\u00bbcenter\u00a0\u00bb img_link_target=\u00a0\u00bb_blank\u00a0\u00bb onclick=\u00a0\u00bbcustom_link\u00a0\u00bb link=\u00a0\u00bbhttp:\/\/www.coralegnami.it\/wp-content\/uploads\/2019\/04\/Pieghevole-2016.pdf\u00a0\u00bb el_class=\u00a0\u00bbimg-mat-elevation\u00a0\u00bb][\/vc_column][vc_column width=\u00a0\u00bb1\/3&Prime;][vc_single_image\" \/>\n<meta property=\"og:url\" content=\"https:\/\/www.coralegnami.it\/download-cataloghi\/\" \/>\n<meta property=\"og:site_name\" content=\"Cor\u00e0 Domenico &amp; Figli\" \/>\n<meta property=\"article:modified_time\" content=\"2025-06-09T11:38:17+00:00\" \/>\n<meta name=\"twitter:card\" content=\"summary_large_image\" \/>\n<meta name=\"twitter:label1\" content=\"Dur\u00e9e de lecture estim\u00e9e\" \/>\n\t<meta name=\"twitter:data1\" content=\"6 minutes\" \/>\n<script type=\"application\/ld+json\" class=\"yoast-schema-graph\">{\"@context\":\"https:\/\/schema.org\",\"@graph\":[{\"@type\":\"WebPage\",\"@id\":\"https:\/\/www.coralegnami.it\/download-cataloghi\/\",\"url\":\"https:\/\/www.coralegnami.it\/download-cataloghi\/\",\"name\":\"T\u00e9l\u00e9charger des catalogues - Cor\u00e0 Domenico &amp; Figli\",\"isPartOf\":{\"@id\":\"https:\/\/www.coralegnami.it\/#website\"},\"datePublished\":\"2025-06-09T11:38:14+00:00\",\"dateModified\":\"2025-06-09T11:38:17+00:00\",\"breadcrumb\":{\"@id\":\"https:\/\/www.coralegnami.it\/download-cataloghi\/#breadcrumb\"},\"inLanguage\":\"fr-FR\",\"potentialAction\":[{\"@type\":\"ReadAction\",\"target\":[\"https:\/\/www.coralegnami.it\/download-cataloghi\/\"]}]},{\"@type\":\"BreadcrumbList\",\"@id\":\"https:\/\/www.coralegnami.it\/download-cataloghi\/#breadcrumb\",\"itemListElement\":[{\"@type\":\"ListItem\",\"position\":1,\"name\":\"Home\",\"item\":\"https:\/\/www.coralegnami.it\/fr\/\"},{\"@type\":\"ListItem\",\"position\":2,\"name\":\"T\u00e9l\u00e9charger des catalogues\"}]},{\"@type\":\"WebSite\",\"@id\":\"https:\/\/www.coralegnami.it\/#website\",\"url\":\"https:\/\/www.coralegnami.it\/\",\"name\":\"Cor\u00e0 Domenico &amp; Figli\",\"description\":\"Un nuovo sito targato WordPress\",\"potentialAction\":[{\"@type\":\"SearchAction\",\"target\":{\"@type\":\"EntryPoint\",\"urlTemplate\":\"https:\/\/www.coralegnami.it\/?s={search_term_string}\"},\"query-input\":{\"@type\":\"PropertyValueSpecification\",\"valueRequired\":true,\"valueName\":\"search_term_string\"}}],\"inLanguage\":\"fr-FR\"}]}<\/script>\n<!-- \/ Yoast SEO plugin. -->","yoast_head_json":{"title":"T\u00e9l\u00e9charger des catalogues - Cor\u00e0 Domenico &amp; Figli","robots":{"index":"index","follow":"follow","max-snippet":"max-snippet:-1","max-image-preview":"max-image-preview:large","max-video-preview":"max-video-preview:-1"},"canonical":"https:\/\/www.coralegnami.it\/download-cataloghi\/","og_locale":"fr_FR","og_type":"article","og_title":"T\u00e9l\u00e9charger des catalogues - Cor\u00e0 Domenico &amp; Figli","og_description":"[vc_row bg_check=\u00a0\u00bbrow-background-dark\u00a0\u00bb css=\u00a0\u00bb.vc_custom_1554130680188{padding-top: 200px !important;padding-bottom: 100px !important;background-image: url(http:\/\/www.coralegnami.it\/wp-content\/uploads\/2019\/04\/banner-cataloghi.jpg?id=125) !important;background-position: center !important;background-repeat: no-repeat !important;background-size: cover !important;}\u00a0\u00bb][vc_column][\/vc_column][\/vc_row][vc_row css=\u00a0\u00bb.vc_custom_1554139145617{margin-top: 80px !important;}\u00a0\u00bb][vc_column][\/vc_column][\/vc_row][vc_row css=\u00a0\u00bb.vc_custom_1554139132026{margin-bottom: 40px !important;}\u00a0\u00bb][vc_column width=\u00a0\u00bb1\/3&Prime;][vc_single_image image=\u00a0\u00bb20304&Prime; img_size=\u00a0\u00bbfull\u00a0\u00bb alignment=\u00a0\u00bbcenter\u00a0\u00bb img_link_target=\u00a0\u00bb_blank\u00a0\u00bb onclick=\u00a0\u00bbcustom_link\u00a0\u00bb link=\u00a0\u00bbhttp:\/\/www.coralegnami.it\/wp-content\/uploads\/2019\/04\/Pieghevole-2016.pdf\u00a0\u00bb el_class=\u00a0\u00bbimg-mat-elevation\u00a0\u00bb][\/vc_column][vc_column width=\u00a0\u00bb1\/3&Prime;][vc_single_image","og_url":"https:\/\/www.coralegnami.it\/download-cataloghi\/","og_site_name":"Cor\u00e0 Domenico &amp; Figli","article_modified_time":"2025-06-09T11:38:17+00:00","twitter_card":"summary_large_image","twitter_misc":{"Dur\u00e9e de lecture estim\u00e9e":"6 minutes"},"schema":{"@context":"https:\/\/schema.org","@graph":[{"@type":"WebPage","@id":"https:\/\/www.coralegnami.it\/download-cataloghi\/","url":"https:\/\/www.coralegnami.it\/download-cataloghi\/","name":"T\u00e9l\u00e9charger des catalogues - Cor\u00e0 Domenico &amp; Figli","isPartOf":{"@id":"https:\/\/www.coralegnami.it\/#website"},"datePublished":"2025-06-09T11:38:14+00:00","dateModified":"2025-06-09T11:38:17+00:00","breadcrumb":{"@id":"https:\/\/www.coralegnami.it\/download-cataloghi\/#breadcrumb"},"inLanguage":"fr-FR","potentialAction":[{"@type":"ReadAction","target":["https:\/\/www.coralegnami.it\/download-cataloghi\/"]}]},{"@type":"BreadcrumbList","@id":"https:\/\/www.coralegnami.it\/download-cataloghi\/#breadcrumb","itemListElement":[{"@type":"ListItem","position":1,"name":"Home","item":"https:\/\/www.coralegnami.it\/fr\/"},{"@type":"ListItem","position":2,"name":"T\u00e9l\u00e9charger des catalogues"}]},{"@type":"WebSite","@id":"https:\/\/www.coralegnami.it\/#website","url":"https:\/\/www.coralegnami.it\/","name":"Cor\u00e0 Domenico &amp; Figli","description":"Un nuovo sito targato WordPress","potentialAction":[{"@type":"SearchAction","target":{"@type":"EntryPoint","urlTemplate":"https:\/\/www.coralegnami.it\/?s={search_term_string}"},"query-input":{"@type":"PropertyValueSpecification","valueRequired":true,"valueName":"search_term_string"}}],"inLanguage":"fr-FR"}]}},"_links":{"self":[{"href":"https:\/\/www.coralegnami.it\/fr\/wp-json\/wp\/v2\/pages\/20349","targetHints":{"allow":["GET"]}}],"collection":[{"href":"https:\/\/www.coralegnami.it\/fr\/wp-json\/wp\/v2\/pages"}],"about":[{"href":"https:\/\/www.coralegnami.it\/fr\/wp-json\/wp\/v2\/types\/page"}],"author":[{"embeddable":true,"href":"https:\/\/www.coralegnami.it\/fr\/wp-json\/wp\/v2\/users\/1"}],"replies":[{"embeddable":true,"href":"https:\/\/www.coralegnami.it\/fr\/wp-json\/wp\/v2\/comments?post=20349"}],"version-history":[{"count":3,"href":"https:\/\/www.coralegnami.it\/fr\/wp-json\/wp\/v2\/pages\/20349\/revisions"}],"predecessor-version":[{"id":20352,"href":"https:\/\/www.coralegnami.it\/fr\/wp-json\/wp\/v2\/pages\/20349\/revisions\/20352"}],"wp:attachment":[{"href":"https:\/\/www.coralegnami.it\/fr\/wp-json\/wp\/v2\/media?parent=20349"}],"curies":[{"name":"wp","href":"https:\/\/api.w.org\/{rel}","templated":true}]}}