{"id":20380,"date":"2025-06-09T14:07:49","date_gmt":"2025-06-09T12:07:49","guid":{"rendered":"https:\/\/www.coralegnami.it\/glossaire\/"},"modified":"2025-06-09T14:07:50","modified_gmt":"2025-06-09T12:07:50","slug":"glossaire","status":"publish","type":"page","link":"https:\/\/www.coralegnami.it\/fr\/glossaire\/","title":{"rendered":"Glossaire"},"content":{"rendered":"<div class=\"wpb-content-wrapper\"><p>[vc_row bg_check=\u00a0\u00bbrow-background-dark\u00a0\u00bb css=\u00a0\u00bb.vc_custom_1554129397876{padding-top: 200px !important;padding-bottom: 100px !important;background-image: url(http:\/\/www.coralegnami.it\/wp-content\/uploads\/2019\/04\/banner-glossario.jpg?id=116) !important;background-position: center !important;background-repeat: no-repeat !important;background-size: cover !important;}\u00a0\u00bb][vc_column]<div class=\"dfd-heading-shortcode\"><div class=\"dfd-heading-module-wrap  text-center style_01 dfd-heading-6a09cadd99461 dfd-disable-resposive-headings\" id=\"dfd-heading-6a09cadd99461\" ><div class=\"inline-block\"><div class=\"dfd-heading-module\"><h1 class=\"widget-title dfd-title \" style=\"font-size: 32px; \">GLOSSAIRE<\/h1><\/div><\/div><\/div><script type=\"text\/javascript\">\r\n\t\t\t\t\t\t\t\t\t(function($) {\r\n\t\t\t\t\t\t\t\t\t\t$(\"head\").append(\"<style>.dfd-heading-6a09cadd99461.dfd-heading-module-wrap .dfd-heading-module .dfd-heading-delimiter {margin-top:10px;margin-bottom:10px;}<\/style>\");\r\n\t\t\t\t\t\t\t\t\t})(jQuery);\r\n\t\t\t\t\t\t\t\t<\/script><\/div>[\/vc_column][\/vc_row][vc_row css=\u00a0\u00bb.vc_custom_1554129865794{padding-top: 80px !important;padding-bottom: 40px !important;}\u00a0\u00bb][vc_column]<div class=\"dfd-heading-shortcode\"><div class=\"dfd-heading-module-wrap  text-center style_01 dfd-heading-6a09cadd99590 dfd-disable-resposive-headings\" id=\"dfd-heading-6a09cadd99590\" ><div class=\"inline-block\"><div class=\"dfd-heading-module\"><h5 class=\"widget-title dfd-title \" style=\"\">Section Qualit\u00e9<\/p>\n<p><\/h5><div class=\"dfd-heading-delimiter\"><\/div><\/div><\/div><\/div><script type=\"text\/javascript\">\r\n\t\t\t\t\t\t\t\t\t(function($) {\r\n\t\t\t\t\t\t\t\t\t\t$(\"head\").append(\"<style>.dfd-heading-6a09cadd99590.dfd-heading-module-wrap .dfd-heading-module .dfd-heading-delimiter {border-bottom-style:solid;border-bottom-width:4px;width:50px;border-bottom-color:#b21d16;}.dfd-heading-6a09cadd99590.dfd-heading-module-wrap .dfd-heading-module .dfd-heading-delimiter {margin-top:40px;}<\/style>\");\r\n\t\t\t\t\t\t\t\t\t})(jQuery);\r\n\t\t\t\t\t\t\t\t<\/script><\/div>[\/vc_column][\/vc_row][vc_row css=\u00a0\u00bb.vc_custom_1554129876702{margin-top: 40px !important;margin-bottom: 80px !important;}\u00a0\u00bb][vc_column][dfd_accordion style=\u00a0\u00bbstyle-6&Prime; active_section=\u00a0\u00bb1&Prime; border_color_active=\u00a0\u00bb#b21d16&Prime; font_size=\u00a0\u00bb14&Prime; tab_text_color=\u00a0\u00bb#b21d16&Prime; tab_hover_text_color=\u00a0\u00bb#b21d16&Prime; tab_active_color_text=\u00a0\u00bb#b21d16&Prime; icon_color=\u00a0\u00bb#b21d16&Prime; icon_size=\u00a0\u00bb14&Prime;][vc_tta_section title=\u00a0\u00bbBOULS\u00a0\u00bb tab_id=\u00a0\u00bb1554128964208-5583e58e-3e55&Prime;][vc_column_text]Ce terme d\u00e9signe g\u00e9n\u00e9ralement un produit aux caract\u00e9ristiques qualitatives sup\u00e9rieures ; en fonction du lieu d&rsquo;origine de l&rsquo;essence et de sa commercialisation, on fait r\u00e9f\u00e9rence \u00e0 des planches Refilate ou \u00e0 Refilare, provenant de troncs diff\u00e9rents ou d&rsquo;un seul plant (dans ce dernier cas, on parle de \u00ab\u00a0Tronc reconstitu\u00e9 en Bouls\u00a0\u00bb car, apr\u00e8s la d\u00e9coupe, les planches \u00e0 double biseau obtenues sont dispos\u00e9es de mani\u00e8re \u00e0 recr\u00e9er la forme du tronc d&rsquo;origine).[\/vc_column_text][\/vc_tta_section][vc_tta_section title=\u00a0\u00bbCOMMUN\u00a0\u00bb tab_id=\u00a0\u00bb1554128964208-dc06e093-62f0&Prime;][vc_column_text]Terme utilis\u00e9 pour identifier des qualit\u00e9s g\u00e9n\u00e9ralement adapt\u00e9es \u00e0 la r\u00e9alisation de comptoirs de cuisine, de parquets en lames et de la plupart des composants pour meubles.[\/vc_column_text][\/vc_tta_section][vc_tta_section tab_id=\u00a0\u00bb1554129021197-f8b030e5-c1d2&Prime; title=\u00a0\u00bbCOMSEL\u00a0\u00bb][vc_column_text]D\u00e9finition qui identifie le choix COMMUN am\u00e9lior\u00e9.[\/vc_column_text][\/vc_tta_section][vc_tta_section tab_id=\u00a0\u00bb1554129039633-74692177-aed1&Prime; title=\u00a0\u00bbEXPORTER\/CHOISIR LA QUALIT\u00c9\u00a0\u00bb][vc_column_text]Le premier est utilis\u00e9 pour identifier des troncs de teck de Birmanie qui peuvent pr\u00e9senter certains d\u00e9fauts sur les flancs et qui sont principalement destin\u00e9s \u00e0 la scie pour la production de planches ; le second, en revanche, distingue les troncs de premi\u00e8re qualit\u00e9, excellents par leur structure et leur coloration, g\u00e9n\u00e9ralement destin\u00e9s \u00e0 \u00eatre tranch\u00e9s.[\/vc_column_text][\/vc_tta_section][vc_tta_section tab_id=\u00a0\u00bb1554129047116-4d68948d-f3d4&Prime; title=\u00a0\u00bbFAS, FAS F1F, S\u00c9LECTIONNER\u00a0\u00bb][vc_column_text]Assortiments particuli\u00e8rement indiqu\u00e9s pour de longues moulures sans d\u00e9fauts, produits pour les finitions comme des encadrements de portes, l&rsquo;architecture int\u00e9rieure ainsi que pour des meubles n\u00e9cessitant un pourcentage \u00e9lev\u00e9 de coupes longues et larges.[\/vc_column_text][\/vc_tta_section][vc_tta_section tab_id=\u00a0\u00bb1554129049873-991b425f-7a7e\u00a0\u00bb title=\u00a0\u00bbPRIME\u00a0\u00bb][vc_column_text]D\u00e9finition qui identifie le niveau de qualit\u00e9 sup\u00e9rieur aux premiers choix FAS, FAS F1F et SELECT, qui doivent donc \u00eatre consid\u00e9r\u00e9s comme am\u00e9lior\u00e9s.[\/vc_column_text][\/vc_tta_section][vc_tta_section tab_id=\u00a0\u00bb1554129091286-d258c0e5-efa0&Prime; title=\u00a0\u00bbTABLES \u00c0 D\u00c9COUPER\u00a0\u00bb][vc_column_text]Avec cette classification, on identifie des panneaux avec deux chanfreins obtenus uniquement par la coupe du tronc parall\u00e8lement \u00e0 son axe longitudinal.[\/vc_column_text][\/vc_tta_section][vc_tta_section tab_id=\u00a0\u00bb1554129093609-bb12c712-a5bf\u00a0\u00bb title=\u00a0\u00bbTABLES SEMI-R\u00c9FIL\u00c9ES\u00a0\u00bb][vc_column_text]Le produit est compos\u00e9 d&rsquo;une planche rabot\u00e9e d&rsquo;un c\u00f4t\u00e9, donc avec la pr\u00e9sence d&rsquo;un chanfrein seulement.[\/vc_column_text][\/vc_tta_section][vc_tta_section tab_id=\u00a0\u00bb1554129105686-cd73f079-43ac\u00a0\u00bb title=\u00a0\u00bbTABLEAUX RETOUCH\u00c9S\u00a0\u00bb][vc_column_text]Le produit est refil\u00e9 des deux c\u00f4t\u00e9s.[\/vc_column_text][\/vc_tta_section][vc_tta_section tab_id=\u00a0\u00bb1554129146383-aba53bec-eeb1&Prime; title=\u00a0\u00bbTABLEAUX PRISMATIQUES\u00a0\u00bb][vc_column_text]Quand on parle de bois prism\u00e9, on fait r\u00e9f\u00e9rence \u00e0 la composition du paquet de vente : un paquet est dit prism\u00e9 lorsqu&rsquo;il contient toutes des planches de la m\u00eame largeur.[\/vc_column_text][\/vc_tta_section][vc_tta_sect<\/p>\n<\/div>","protected":false},"excerpt":{"rendered":"<p>[vc_row bg_check=\u00a0\u00bbrow-background-dark\u00a0\u00bb css=\u00a0\u00bb.vc_custom_1554129397876{padding-top: 200px !important;padding-bottom: 100px !important;background-image: url(http:\/\/www.coralegnami.it\/wp-content\/uploads\/2019\/04\/banner-glossario.jpg?id=116) !important;background-position: center !important;background-repeat: no-repeat !important;background-size: cover !important;}\u00a0\u00bb][vc_column][\/vc_column][\/vc_row][vc_row css=\u00a0\u00bb.vc_custom_1554129865794{padding-top: 80px !important;padding-bottom: 40px !important;}\u00a0\u00bb][vc_column][\/vc_column][\/vc_row][vc_row css=\u00a0\u00bb.vc_custom_1554129876702{margin-top: 40px !important;margin-bottom: 80px !important;}\u00a0\u00bb][vc_column][dfd_accordion style=\u00a0\u00bbstyle-6&Prime; active_section=\u00a0\u00bb1&Prime; border_color_active=\u00a0\u00bb#b21d16&Prime; font_size=\u00a0\u00bb14&Prime; tab_text_color=\u00a0\u00bb#b21d16&Prime;<\/p>\n","protected":false},"author":1,"featured_media":0,"parent":0,"menu_order":0,"comment_status":"closed","ping_status":"closed","template":"page-custom.php","meta":{"_acf_changed":false,"footnotes":""},"class_list":["post-20380","page","type-page","status-publish","hentry"],"acf":[],"yoast_head":"<!-- This site is optimized with the Yoast SEO plugin v24.0 - https:\/\/yoast.com\/wordpress\/plugins\/seo\/ -->\n<title>Glossaire - Cor\u00e0 Domenico &amp; Figli<\/title>\n<meta name=\"robots\" content=\"index, follow, max-snippet:-1, max-image-preview:large, max-video-preview:-1\" \/>\n<link rel=\"canonical\" href=\"https:\/\/www.coralegnami.it\/glossario\/\" \/>\n<meta property=\"og:locale\" content=\"fr_FR\" \/>\n<meta property=\"og:type\" content=\"article\" \/>\n<meta property=\"og:title\" content=\"Glossaire - Cor\u00e0 Domenico &amp; Figli\" \/>\n<meta property=\"og:description\" content=\"[vc_row bg_check=\u00a0\u00bbrow-background-dark\u00a0\u00bb css=\u00a0\u00bb.vc_custom_1554129397876{padding-top: 200px !important;padding-bottom: 100px !important;background-image: url(http:\/\/www.coralegnami.it\/wp-content\/uploads\/2019\/04\/banner-glossario.jpg?id=116) !important;background-position: center !important;background-repeat: no-repeat !important;background-size: cover !important;}\u00a0\u00bb][vc_column][\/vc_column][\/vc_row][vc_row css=\u00a0\u00bb.vc_custom_1554129865794{padding-top: 80px !important;padding-bottom: 40px !important;}\u00a0\u00bb][vc_column][\/vc_column][\/vc_row][vc_row css=\u00a0\u00bb.vc_custom_1554129876702{margin-top: 40px !important;margin-bottom: 80px !important;}\u00a0\u00bb][vc_column][dfd_accordion style=\u00a0\u00bbstyle-6&Prime; active_section=\u00a0\u00bb1&Prime; border_color_active=\u00a0\u00bb#b21d16&Prime; font_size=\u00a0\u00bb14&Prime; tab_text_color=\u00a0\u00bb#b21d16&Prime;\" \/>\n<meta property=\"og:url\" content=\"https:\/\/www.coralegnami.it\/glossario\/\" \/>\n<meta property=\"og:site_name\" content=\"Cor\u00e0 Domenico &amp; Figli\" \/>\n<meta property=\"article:modified_time\" content=\"2025-06-09T12:07:50+00:00\" \/>\n<meta name=\"twitter:card\" content=\"summary_large_image\" \/>\n<meta name=\"twitter:label1\" content=\"Dur\u00e9e de lecture estim\u00e9e\" \/>\n\t<meta name=\"twitter:data1\" content=\"4 minutes\" \/>\n<script type=\"application\/ld+json\" class=\"yoast-schema-graph\">{\"@context\":\"https:\/\/schema.org\",\"@graph\":[{\"@type\":\"WebPage\",\"@id\":\"https:\/\/www.coralegnami.it\/glossario\/\",\"url\":\"https:\/\/www.coralegnami.it\/glossario\/\",\"name\":\"Glossaire - Cor\u00e0 Domenico &amp; Figli\",\"isPartOf\":{\"@id\":\"https:\/\/www.coralegnami.it\/#website\"},\"datePublished\":\"2025-06-09T12:07:49+00:00\",\"dateModified\":\"2025-06-09T12:07:50+00:00\",\"breadcrumb\":{\"@id\":\"https:\/\/www.coralegnami.it\/glossario\/#breadcrumb\"},\"inLanguage\":\"fr-FR\",\"potentialAction\":[{\"@type\":\"ReadAction\",\"target\":[\"https:\/\/www.coralegnami.it\/glossario\/\"]}]},{\"@type\":\"BreadcrumbList\",\"@id\":\"https:\/\/www.coralegnami.it\/glossario\/#breadcrumb\",\"itemListElement\":[{\"@type\":\"ListItem\",\"position\":1,\"name\":\"Home\",\"item\":\"https:\/\/www.coralegnami.it\/fr\/\"},{\"@type\":\"ListItem\",\"position\":2,\"name\":\"Glossaire\"}]},{\"@type\":\"WebSite\",\"@id\":\"https:\/\/www.coralegnami.it\/#website\",\"url\":\"https:\/\/www.coralegnami.it\/\",\"name\":\"Cor\u00e0 Domenico &amp; Figli\",\"description\":\"Un nuovo sito targato WordPress\",\"potentialAction\":[{\"@type\":\"SearchAction\",\"target\":{\"@type\":\"EntryPoint\",\"urlTemplate\":\"https:\/\/www.coralegnami.it\/?s={search_term_string}\"},\"query-input\":{\"@type\":\"PropertyValueSpecification\",\"valueRequired\":true,\"valueName\":\"search_term_string\"}}],\"inLanguage\":\"fr-FR\"}]}<\/script>\n<!-- \/ Yoast SEO plugin. -->","yoast_head_json":{"title":"Glossaire - Cor\u00e0 Domenico &amp; Figli","robots":{"index":"index","follow":"follow","max-snippet":"max-snippet:-1","max-image-preview":"max-image-preview:large","max-video-preview":"max-video-preview:-1"},"canonical":"https:\/\/www.coralegnami.it\/glossario\/","og_locale":"fr_FR","og_type":"article","og_title":"Glossaire - Cor\u00e0 Domenico &amp; Figli","og_description":"[vc_row bg_check=\u00a0\u00bbrow-background-dark\u00a0\u00bb css=\u00a0\u00bb.vc_custom_1554129397876{padding-top: 200px !important;padding-bottom: 100px !important;background-image: url(http:\/\/www.coralegnami.it\/wp-content\/uploads\/2019\/04\/banner-glossario.jpg?id=116) !important;background-position: center !important;background-repeat: no-repeat !important;background-size: cover !important;}\u00a0\u00bb][vc_column][\/vc_column][\/vc_row][vc_row css=\u00a0\u00bb.vc_custom_1554129865794{padding-top: 80px !important;padding-bottom: 40px !important;}\u00a0\u00bb][vc_column][\/vc_column][\/vc_row][vc_row css=\u00a0\u00bb.vc_custom_1554129876702{margin-top: 40px !important;margin-bottom: 80px !important;}\u00a0\u00bb][vc_column][dfd_accordion style=\u00a0\u00bbstyle-6&Prime; active_section=\u00a0\u00bb1&Prime; border_color_active=\u00a0\u00bb#b21d16&Prime; font_size=\u00a0\u00bb14&Prime; tab_text_color=\u00a0\u00bb#b21d16&Prime;","og_url":"https:\/\/www.coralegnami.it\/glossario\/","og_site_name":"Cor\u00e0 Domenico &amp; Figli","article_modified_time":"2025-06-09T12:07:50+00:00","twitter_card":"summary_large_image","twitter_misc":{"Dur\u00e9e de lecture estim\u00e9e":"4 minutes"},"schema":{"@context":"https:\/\/schema.org","@graph":[{"@type":"WebPage","@id":"https:\/\/www.coralegnami.it\/glossario\/","url":"https:\/\/www.coralegnami.it\/glossario\/","name":"Glossaire - Cor\u00e0 Domenico &amp; Figli","isPartOf":{"@id":"https:\/\/www.coralegnami.it\/#website"},"datePublished":"2025-06-09T12:07:49+00:00","dateModified":"2025-06-09T12:07:50+00:00","breadcrumb":{"@id":"https:\/\/www.coralegnami.it\/glossario\/#breadcrumb"},"inLanguage":"fr-FR","potentialAction":[{"@type":"ReadAction","target":["https:\/\/www.coralegnami.it\/glossario\/"]}]},{"@type":"BreadcrumbList","@id":"https:\/\/www.coralegnami.it\/glossario\/#breadcrumb","itemListElement":[{"@type":"ListItem","position":1,"name":"Home","item":"https:\/\/www.coralegnami.it\/fr\/"},{"@type":"ListItem","position":2,"name":"Glossaire"}]},{"@type":"WebSite","@id":"https:\/\/www.coralegnami.it\/#website","url":"https:\/\/www.coralegnami.it\/","name":"Cor\u00e0 Domenico &amp; Figli","description":"Un nuovo sito targato WordPress","potentialAction":[{"@type":"SearchAction","target":{"@type":"EntryPoint","urlTemplate":"https:\/\/www.coralegnami.it\/?s={search_term_string}"},"query-input":{"@type":"PropertyValueSpecification","valueRequired":true,"valueName":"search_term_string"}}],"inLanguage":"fr-FR"}]}},"_links":{"self":[{"href":"https:\/\/www.coralegnami.it\/fr\/wp-json\/wp\/v2\/pages\/20380","targetHints":{"allow":["GET"]}}],"collection":[{"href":"https:\/\/www.coralegnami.it\/fr\/wp-json\/wp\/v2\/pages"}],"about":[{"href":"https:\/\/www.coralegnami.it\/fr\/wp-json\/wp\/v2\/types\/page"}],"author":[{"embeddable":true,"href":"https:\/\/www.coralegnami.it\/fr\/wp-json\/wp\/v2\/users\/1"}],"replies":[{"embeddable":true,"href":"https:\/\/www.coralegnami.it\/fr\/wp-json\/wp\/v2\/comments?post=20380"}],"version-history":[{"count":2,"href":"https:\/\/www.coralegnami.it\/fr\/wp-json\/wp\/v2\/pages\/20380\/revisions"}],"predecessor-version":[{"id":20383,"href":"https:\/\/www.coralegnami.it\/fr\/wp-json\/wp\/v2\/pages\/20380\/revisions\/20383"}],"wp:attachment":[{"href":"https:\/\/www.coralegnami.it\/fr\/wp-json\/wp\/v2\/media?parent=20380"}],"curies":[{"name":"wp","href":"https:\/\/api.w.org\/{rel}","templated":true}]}}