{"id":4927,"date":"2019-05-17T13:16:22","date_gmt":"2019-05-17T11:16:22","guid":{"rendered":"https:\/\/www.coralegnami.it\/prodotto\/mdf\/"},"modified":"2025-06-25T11:56:28","modified_gmt":"2025-06-25T09:56:28","slug":"mdf-2","status":"publish","type":"product","link":"https:\/\/www.coralegnami.it\/fr\/prodotto\/mdf-2\/","title":{"rendered":"MDF"},"content":{"rendered":"<p><strong>CARATTERISTICHE<\/strong><\/p>\n<p>Il <em>pannello di fibra a media densit\u00e0<\/em> \u00e8 prodotto tramite la feltratura di fibre legnose che, con l&rsquo;aggiunta di adesivo sintetico, vengono poi pressate e consolidate.<\/p>\n<p>Commercializziamo <strong>produzioni nazionali e internazionali costruite con Abete, Pino e latifoglie in genere<\/strong>. L&rsquo;incollaggio dei fogli avviene generalmente con adesivi ureici\/melaminici e con l&rsquo;aggiunta di paraffine. L&rsquo;MDF (Medium Density Fibreboard) gode di propriet\u00e0 che permettono di ottenere ottimi risultati con lavorazione al pantografo.<\/p>\n<p><strong>I campi di impiego sono molteplici<\/strong> tra cui: antine, porte, parti di mobili a vista e strutturali, cornici, battiscopa e fondi di cassette per la frutta.<\/p>\n<p>\u00a0<\/p>\n<p><strong>DIMENSIONI<\/strong><\/p>\n<p><strong>Formato:<\/strong> mm 1860\/2200 x 3660\/3760 &#8211; 2800 x 2070<\/p>\n<p><strong>Spessori:<\/strong> mm 2.3 &#8211; 2.5 &#8211; 3 &#8211; 3.2 &#8211; 4 &#8211; 5 &#8211; 6 &#8211; 8 &#8211; 10 &#8211; 12 &#8211; 14 &#8211; 16 &#8211; 19 &#8211; 22 &#8211; 25 &#8211; 30 &#8211; 35 &#8211; 40<\/p>\n<p><span style=\"text-decoration: underline;\">ASSORTIMENTO<\/span><\/p>\n<p>L&rsquo;offerta viene suddivisa in diverse qualit\u00e0, a seconda della <em>densit\u00e0 specifica<\/em> del pannello.<\/p>\n<p><strong>STANDARD:<\/strong> 700 &#8211; 800 Kg\/m3<\/p>\n<p><strong>LIGHT:<\/strong> 580 &#8211; 600 Kg\/m3 (leggero)<\/p>\n<p><strong>ULTRALIGHT:<\/strong> 500 &#8211; 550<\/p>\n","protected":false},"excerpt":{"rendered":"<p>CARATTERISTICHE Il pannello di fibra a media densit\u00e0 \u00e8 prodotto tramite la feltratura di fibre legnose che, con l&rsquo;aggiunta di adesivo sintetico, vengono poi pressate e consolidate. Commercializziamo produzioni nazionali<\/p>\n","protected":false},"featured_media":4928,"template":"","meta":{"_acf_changed":false},"product_cat":[117],"product_tag":[],"sectors":[111],"class_list":{"0":"post-4927","1":"product","2":"type-product","3":"status-publish","4":"has-post-thumbnail","6":"product_cat-cora-multistrati-fr","7":"sectors-hotellerie","9":"first","10":"instock","11":"shipping-taxable","12":"product-type-simple"},"acf":[],"yoast_head":"<!-- This site is optimized with the Yoast SEO plugin v24.0 - https:\/\/yoast.com\/wordpress\/plugins\/seo\/ -->\n<title>MDF - Cor\u00e0 Domenico &amp; Figli<\/title>\n<meta name=\"robots\" content=\"index, follow, max-snippet:-1, max-image-preview:large, max-video-preview:-1\" \/>\n<link rel=\"canonical\" href=\"https:\/\/www.coralegnami.it\/fr\/prodotto\/mdf-2\/\" \/>\n<meta property=\"og:locale\" content=\"fr_FR\" \/>\n<meta property=\"og:type\" content=\"article\" \/>\n<meta property=\"og:title\" content=\"MDF - Cor\u00e0 Domenico &amp; Figli\" \/>\n<meta property=\"og:description\" content=\"CARATTERISTICHE Il pannello di fibra a media densit\u00e0 \u00e8 prodotto tramite la feltratura di fibre legnose che, con l&rsquo;aggiunta di adesivo sintetico, vengono poi pressate e consolidate. Commercializziamo produzioni nazionali\" \/>\n<meta property=\"og:url\" content=\"https:\/\/www.coralegnami.it\/fr\/prodotto\/mdf-2\/\" \/>\n<meta property=\"og:site_name\" content=\"Cor\u00e0 Domenico &amp; Figli\" \/>\n<meta property=\"article:modified_time\" content=\"2025-06-25T09:56:28+00:00\" \/>\n<meta property=\"og:image\" content=\"https:\/\/www.coralegnami.it\/wp-content\/uploads\/2019\/05\/MDF_4e6e0e20b8af8.jpg\" \/>\n\t<meta property=\"og:image:width\" content=\"450\" \/>\n\t<meta property=\"og:image:height\" content=\"550\" \/>\n\t<meta property=\"og:image:type\" content=\"image\/jpeg\" \/>\n<meta name=\"twitter:card\" content=\"summary_large_image\" \/>\n<meta name=\"twitter:label1\" content=\"Dur\u00e9e de lecture estim\u00e9e\" \/>\n\t<meta name=\"twitter:data1\" content=\"1 minute\" \/>\n<script type=\"application\/ld+json\" class=\"yoast-schema-graph\">{\"@context\":\"https:\/\/schema.org\",\"@graph\":[{\"@type\":\"WebPage\",\"@id\":\"https:\/\/www.coralegnami.it\/fr\/prodotto\/mdf-2\/\",\"url\":\"https:\/\/www.coralegnami.it\/fr\/prodotto\/mdf-2\/\",\"name\":\"MDF - Cor\u00e0 Domenico &amp; Figli\",\"isPartOf\":{\"@id\":\"https:\/\/www.coralegnami.it\/#website\"},\"primaryImageOfPage\":{\"@id\":\"https:\/\/www.coralegnami.it\/fr\/prodotto\/mdf-2\/#primaryimage\"},\"image\":{\"@id\":\"https:\/\/www.coralegnami.it\/fr\/prodotto\/mdf-2\/#primaryimage\"},\"thumbnailUrl\":\"https:\/\/www.coralegnami.it\/wp-content\/uploads\/2019\/05\/MDF_4e6e0e20b8af8.jpg\",\"datePublished\":\"2019-05-17T11:16:22+00:00\",\"dateModified\":\"2025-06-25T09:56:28+00:00\",\"breadcrumb\":{\"@id\":\"https:\/\/www.coralegnami.it\/fr\/prodotto\/mdf-2\/#breadcrumb\"},\"inLanguage\":\"fr-FR\",\"potentialAction\":[{\"@type\":\"ReadAction\",\"target\":[\"https:\/\/www.coralegnami.it\/fr\/prodotto\/mdf-2\/\"]}]},{\"@type\":\"ImageObject\",\"inLanguage\":\"fr-FR\",\"@id\":\"https:\/\/www.coralegnami.it\/fr\/prodotto\/mdf-2\/#primaryimage\",\"url\":\"https:\/\/www.coralegnami.it\/wp-content\/uploads\/2019\/05\/MDF_4e6e0e20b8af8.jpg\",\"contentUrl\":\"https:\/\/www.coralegnami.it\/wp-content\/uploads\/2019\/05\/MDF_4e6e0e20b8af8.jpg\",\"width\":450,\"height\":550},{\"@type\":\"BreadcrumbList\",\"@id\":\"https:\/\/www.coralegnami.it\/fr\/prodotto\/mdf-2\/#breadcrumb\",\"itemListElement\":[{\"@type\":\"ListItem\",\"position\":1,\"name\":\"Home\",\"item\":\"https:\/\/www.coralegnami.it\/fr\/\"},{\"@type\":\"ListItem\",\"position\":2,\"name\":\"Produits\",\"item\":\"https:\/\/www.coralegnami.it\/fr\/produits\/\"},{\"@type\":\"ListItem\",\"position\":3,\"name\":\"MDF\"}]},{\"@type\":\"WebSite\",\"@id\":\"https:\/\/www.coralegnami.it\/#website\",\"url\":\"https:\/\/www.coralegnami.it\/\",\"name\":\"Cor\u00e0 Domenico &amp; Figli\",\"description\":\"Un nuovo sito targato WordPress\",\"potentialAction\":[{\"@type\":\"SearchAction\",\"target\":{\"@type\":\"EntryPoint\",\"urlTemplate\":\"https:\/\/www.coralegnami.it\/?s={search_term_string}\"},\"query-input\":{\"@type\":\"PropertyValueSpecification\",\"valueRequired\":true,\"valueName\":\"search_term_string\"}}],\"inLanguage\":\"fr-FR\"}]}<\/script>\n<!-- \/ Yoast SEO plugin. -->","yoast_head_json":{"title":"MDF - Cor\u00e0 Domenico &amp; Figli","robots":{"index":"index","follow":"follow","max-snippet":"max-snippet:-1","max-image-preview":"max-image-preview:large","max-video-preview":"max-video-preview:-1"},"canonical":"https:\/\/www.coralegnami.it\/fr\/prodotto\/mdf-2\/","og_locale":"fr_FR","og_type":"article","og_title":"MDF - Cor\u00e0 Domenico &amp; Figli","og_description":"CARATTERISTICHE Il pannello di fibra a media densit\u00e0 \u00e8 prodotto tramite la feltratura di fibre legnose che, con l&rsquo;aggiunta di adesivo sintetico, vengono poi pressate e consolidate. Commercializziamo produzioni nazionali","og_url":"https:\/\/www.coralegnami.it\/fr\/prodotto\/mdf-2\/","og_site_name":"Cor\u00e0 Domenico &amp; Figli","article_modified_time":"2025-06-25T09:56:28+00:00","og_image":[{"width":450,"height":550,"url":"https:\/\/www.coralegnami.it\/wp-content\/uploads\/2019\/05\/MDF_4e6e0e20b8af8.jpg","type":"image\/jpeg"}],"twitter_card":"summary_large_image","twitter_misc":{"Dur\u00e9e de lecture estim\u00e9e":"1 minute"},"schema":{"@context":"https:\/\/schema.org","@graph":[{"@type":"WebPage","@id":"https:\/\/www.coralegnami.it\/fr\/prodotto\/mdf-2\/","url":"https:\/\/www.coralegnami.it\/fr\/prodotto\/mdf-2\/","name":"MDF - Cor\u00e0 Domenico &amp; Figli","isPartOf":{"@id":"https:\/\/www.coralegnami.it\/#website"},"primaryImageOfPage":{"@id":"https:\/\/www.coralegnami.it\/fr\/prodotto\/mdf-2\/#primaryimage"},"image":{"@id":"https:\/\/www.coralegnami.it\/fr\/prodotto\/mdf-2\/#primaryimage"},"thumbnailUrl":"https:\/\/www.coralegnami.it\/wp-content\/uploads\/2019\/05\/MDF_4e6e0e20b8af8.jpg","datePublished":"2019-05-17T11:16:22+00:00","dateModified":"2025-06-25T09:56:28+00:00","breadcrumb":{"@id":"https:\/\/www.coralegnami.it\/fr\/prodotto\/mdf-2\/#breadcrumb"},"inLanguage":"fr-FR","potentialAction":[{"@type":"ReadAction","target":["https:\/\/www.coralegnami.it\/fr\/prodotto\/mdf-2\/"]}]},{"@type":"ImageObject","inLanguage":"fr-FR","@id":"https:\/\/www.coralegnami.it\/fr\/prodotto\/mdf-2\/#primaryimage","url":"https:\/\/www.coralegnami.it\/wp-content\/uploads\/2019\/05\/MDF_4e6e0e20b8af8.jpg","contentUrl":"https:\/\/www.coralegnami.it\/wp-content\/uploads\/2019\/05\/MDF_4e6e0e20b8af8.jpg","width":450,"height":550},{"@type":"BreadcrumbList","@id":"https:\/\/www.coralegnami.it\/fr\/prodotto\/mdf-2\/#breadcrumb","itemListElement":[{"@type":"ListItem","position":1,"name":"Home","item":"https:\/\/www.coralegnami.it\/fr\/"},{"@type":"ListItem","position":2,"name":"Produits","item":"https:\/\/www.coralegnami.it\/fr\/produits\/"},{"@type":"ListItem","position":3,"name":"MDF"}]},{"@type":"WebSite","@id":"https:\/\/www.coralegnami.it\/#website","url":"https:\/\/www.coralegnami.it\/","name":"Cor\u00e0 Domenico &amp; Figli","description":"Un nuovo sito targato WordPress","potentialAction":[{"@type":"SearchAction","target":{"@type":"EntryPoint","urlTemplate":"https:\/\/www.coralegnami.it\/?s={search_term_string}"},"query-input":{"@type":"PropertyValueSpecification","valueRequired":true,"valueName":"search_term_string"}}],"inLanguage":"fr-FR"}]}},"_links":{"self":[{"href":"https:\/\/www.coralegnami.it\/fr\/wp-json\/wp\/v2\/product\/4927","targetHints":{"allow":["GET"]}}],"collection":[{"href":"https:\/\/www.coralegnami.it\/fr\/wp-json\/wp\/v2\/product"}],"about":[{"href":"https:\/\/www.coralegnami.it\/fr\/wp-json\/wp\/v2\/types\/product"}],"wp:featuredmedia":[{"embeddable":true,"href":"https:\/\/www.coralegnami.it\/fr\/wp-json\/wp\/v2\/media\/4928"}],"wp:attachment":[{"href":"https:\/\/www.coralegnami.it\/fr\/wp-json\/wp\/v2\/media?parent=4927"}],"wp:term":[{"taxonomy":"product_cat","embeddable":true,"href":"https:\/\/www.coralegnami.it\/fr\/wp-json\/wp\/v2\/product_cat?post=4927"},{"taxonomy":"product_tag","embeddable":true,"href":"https:\/\/www.coralegnami.it\/fr\/wp-json\/wp\/v2\/product_tag?post=4927"},{"taxonomy":"sectors","embeddable":true,"href":"https:\/\/www.coralegnami.it\/fr\/wp-json\/wp\/v2\/sectors?post=4927"}],"curies":[{"name":"wp","href":"https:\/\/api.w.org\/{rel}","templated":true}]}}